{"id":2,"date":"2025-04-23T08:26:08","date_gmt":"2025-04-23T06:26:08","guid":{"rendered":"https:\/\/cbd16.fr\/?page_id=2"},"modified":"2025-04-23T08:39:53","modified_gmt":"2025-04-23T06:39:53","slug":"page-d-exemple","status":"publish","type":"page","link":"https:\/\/cbd16.fr\/","title":{"rendered":"Page d\u2019exemple"},"content":{"rendered":"\t\t<div data-elementor-type=\"wp-page\" data-elementor-id=\"2\" class=\"elementor elementor-2\">\n\t\t\t\t<div class=\"elementor-element elementor-element-7c4f4cd7 e-con-full e-flex e-con e-parent\" data-id=\"7c4f4cd7\" data-element_type=\"container\">\n\t\t\t\t<div class=\"elementor-element elementor-element-2aac0e2a elementor-widget elementor-widget-text-editor\" data-id=\"2aac0e2a\" data-element_type=\"widget\" data-widget_type=\"text-editor.default\">\n\t\t\t\t<div class=\"elementor-widget-container\">\n\t\t\t\t\t\t\t\t\t\n<p><style>\n    body { font-family: 'Inter', sans-serif; margin: 0; padding: 0; background-color: #ffffff; color: #333; }\n    header { background-color: #2a674b; color: white; padding: 2rem; text-align: center; }\n    section { max-width: 1100px; margin: auto; padding: 2rem; }\n    h1, h2 { color: #2a674b; }\n    .gallery { display: flex; gap: 1rem; flex-wrap: wrap; margin-top: 2rem; }\n    .gallery img { width: calc(33% - 1rem); border-radius: 10px; }\n    footer { text-align: center; padding: 1.5rem; background-color: #2a674b; color: white; }\n    .cta { background-color: #4a9f75; color: white; padding: 1rem; border-radius: 10px; text-align: center; margin-top: 2rem; }\n  <\/style><\/p>\n<header>\n<h1>CBD : Guide complet et d\u00e9taill\u00e9 sur le CBD<\/h1>\n<\/header>\n<section>\n<h2>Qu&#8217;est-ce que le CBD ?<\/h2>\n<p>Le cannabidiol, plus commun\u00e9ment appel\u00e9 CBD, est un compos\u00e9 naturel extrait de la plante de chanvre (Cannabis sativa). Contrairement au THC, il ne provoque aucun effet psychoactif et est largement utilis\u00e9 pour ses nombreux bienfaits th\u00e9rapeutiques et ses effets relaxants.<\/p>\n<h2>Les diff\u00e9rents usages th\u00e9rapeutiques du CBD<\/h2>\n<p>Le CBD est reconnu pour ses propri\u00e9t\u00e9s b\u00e9n\u00e9fiques dans plusieurs domaines :<\/p>\n<ul>\n<li>R\u00e9duction de l&#8217;anxi\u00e9t\u00e9 et du stress<\/li>\n<li>Am\u00e9lioration du sommeil et traitement des troubles de l&#8217;insomnie<\/li>\n<li>Soulagement des douleurs chroniques, musculaires et articulaires<\/li>\n<li>Diminution des inflammations et renforcement immunitaire<\/li>\n<li>Soutien th\u00e9rapeutique pour troubles neurologiques (\u00e9pilepsie, scl\u00e9rose en plaques)<\/li>\n<li>Effets antioxydants et anti-\u00e2ge<\/li>\n<\/ul>\n<h2>L\u00e9galit\u00e9 et r\u00e9gulation du CBD en France<\/h2>\n<p>En France, la vente et la consommation de CBD sont l\u00e9gales sous certaines conditions. Les produits doivent contenir moins de 0,3 % de THC. Le CBD est disponible sous diff\u00e9rentes formes : huiles, capsules, tisanes, cr\u00e8mes et cosm\u00e9tiques.<\/p>\n<h2>Conseils pour une utilisation efficace du CBD<\/h2>\n<p>Pour une exp\u00e9rience optimale, il est conseill\u00e9 de :<\/p>\n<ul>\n<li>D\u00e9buter avec une faible dose et augmenter progressivement selon les effets ressentis<\/li>\n<li>Privil\u00e9gier des produits de qualit\u00e9, certifi\u00e9s biologiques et test\u00e9s en laboratoire<\/li>\n<li>Consulter un professionnel de sant\u00e9 en cas de traitement m\u00e9dical associ\u00e9<\/li>\n<\/ul>\n<div class=\"cta\">\n<p>Envie d&#8217;explorer notre gamme de produits CBD premium ? Visitez notre<a href=\"http:\/\/cbdvip.fr\"> boutique en ligne de CBD<\/a><\/p>\n<\/div>\n<\/section>\n<footer>\n<p>\u00a9 2025 CBD16 \u2013 Votre source fiable d&#8217;information sur le CBD<\/p>\n<\/footer>\t\t\t\t\t\t\t\t<\/div>\n\t\t\t\t<\/div>\n\t\t\t\t<\/div>\n\t\t\t\t<\/div>\n\t\t","protected":false},"excerpt":{"rendered":"<p>CBD : Guide complet et d\u00e9taill\u00e9 sur le CBD Qu&#8217;est-ce que le CBD ? Le cannabidiol, plus commun\u00e9ment appel\u00e9 CBD, est un compos\u00e9 naturel extrait de la plante de chanvre (Cannabis sativa). Contrairement au THC, il ne provoque aucun effet psychoactif et est largement utilis\u00e9 pour ses nombreux bienfaits th\u00e9rapeutiques et ses effets relaxants. Les [&hellip;]<\/p>\n","protected":false},"author":1,"featured_media":0,"parent":0,"menu_order":0,"comment_status":"closed","ping_status":"open","template":"elementor_header_footer","meta":{"footnotes":""},"class_list":["post-2","page","type-page","status-publish","hentry"],"_links":{"self":[{"href":"https:\/\/cbd16.fr\/index.php?rest_route=\/wp\/v2\/pages\/2","targetHints":{"allow":["GET"]}}],"collection":[{"href":"https:\/\/cbd16.fr\/index.php?rest_route=\/wp\/v2\/pages"}],"about":[{"href":"https:\/\/cbd16.fr\/index.php?rest_route=\/wp\/v2\/types\/page"}],"author":[{"embeddable":true,"href":"https:\/\/cbd16.fr\/index.php?rest_route=\/wp\/v2\/users\/1"}],"replies":[{"embeddable":true,"href":"https:\/\/cbd16.fr\/index.php?rest_route=%2Fwp%2Fv2%2Fcomments&post=2"}],"version-history":[{"count":8,"href":"https:\/\/cbd16.fr\/index.php?rest_route=\/wp\/v2\/pages\/2\/revisions"}],"predecessor-version":[{"id":19,"href":"https:\/\/cbd16.fr\/index.php?rest_route=\/wp\/v2\/pages\/2\/revisions\/19"}],"wp:attachment":[{"href":"https:\/\/cbd16.fr\/index.php?rest_route=%2Fwp%2Fv2%2Fmedia&parent=2"}],"curies":[{"name":"wp","href":"https:\/\/api.w.org\/{rel}","templated":true}]}}